{"id":547,"date":"2025-03-17T15:17:34","date_gmt":"2025-03-17T14:17:34","guid":{"rendered":"https:\/\/leveilmarketing.fr\/?page_id=547"},"modified":"2025-03-17T15:21:15","modified_gmt":"2025-03-17T14:21:15","slug":"cgv","status":"publish","type":"page","link":"https:\/\/leveilmarketing.fr\/index.php\/cgv\/","title":{"rendered":"CGV"},"content":{"rendered":"\t\t<div data-elementor-type=\"wp-page\" data-elementor-id=\"547\" class=\"elementor elementor-547\">\n\t\t\t\t<div class=\"elementor-element elementor-element-ca9a5f3 e-flex e-con-boxed wpr-particle-no wpr-jarallax-no wpr-parallax-no wpr-sticky-section-no e-con e-parent\" data-id=\"ca9a5f3\" data-element_type=\"container\" data-core-v316-plus=\"true\">\n\t\t\t\t\t<div class=\"e-con-inner\">\n\t\t\t\t<div class=\"elementor-element elementor-element-d7ae5fe elementor-widget elementor-widget-heading\" data-id=\"d7ae5fe\" data-element_type=\"widget\" data-widget_type=\"heading.default\">\n\t\t\t\t<div class=\"elementor-widget-container\">\n\t\t\t<style>\/*! elementor - v3.20.0 - 13-03-2024 *\/\n.elementor-heading-title{padding:0;margin:0;line-height:1}.elementor-widget-heading .elementor-heading-title[class*=elementor-size-]>a{color:inherit;font-size:inherit;line-height:inherit}.elementor-widget-heading .elementor-heading-title.elementor-size-small{font-size:15px}.elementor-widget-heading .elementor-heading-title.elementor-size-medium{font-size:19px}.elementor-widget-heading .elementor-heading-title.elementor-size-large{font-size:29px}.elementor-widget-heading .elementor-heading-title.elementor-size-xl{font-size:39px}.elementor-widget-heading .elementor-heading-title.elementor-size-xxl{font-size:59px}<\/style><h2 class=\"elementor-heading-title elementor-size-default\">CGV<\/h2>\t\t<\/div>\n\t\t\t\t<\/div>\n\t\t\t\t\t<\/div>\n\t\t\t\t<\/div>\n\t\t<div class=\"elementor-element elementor-element-a4fb145 e-flex e-con-boxed wpr-particle-no wpr-jarallax-no wpr-parallax-no wpr-sticky-section-no e-con e-parent\" data-id=\"a4fb145\" data-element_type=\"container\" data-core-v316-plus=\"true\">\n\t\t\t\t\t<div class=\"e-con-inner\">\n\t\t\t\t<div class=\"elementor-element elementor-element-f77690e elementor-widget elementor-widget-text-editor\" data-id=\"f77690e\" data-element_type=\"widget\" data-widget_type=\"text-editor.default\">\n\t\t\t\t<div class=\"elementor-widget-container\">\n\t\t\t<style>\/*! elementor - v3.20.0 - 13-03-2024 *\/\n.elementor-widget-text-editor.elementor-drop-cap-view-stacked .elementor-drop-cap{background-color:#69727d;color:#fff}.elementor-widget-text-editor.elementor-drop-cap-view-framed .elementor-drop-cap{color:#69727d;border:3px solid;background-color:transparent}.elementor-widget-text-editor:not(.elementor-drop-cap-view-default) .elementor-drop-cap{margin-top:8px}.elementor-widget-text-editor:not(.elementor-drop-cap-view-default) .elementor-drop-cap-letter{width:1em;height:1em}.elementor-widget-text-editor .elementor-drop-cap{float:left;text-align:center;line-height:1;font-size:50px}.elementor-widget-text-editor .elementor-drop-cap-letter{display:inline-block}<\/style>\t\t\t\t<p>Conditions g\u00e9n\u00e9rales de vente<br>1 &#8211; PARTIES DU CONTRAT<br>Le terme &#8220;client&#8221; d\u00e9signe toute personne morale ou physique, ayant requis les comp\u00e9tences d&#8217;Aur\u00e9lien REDON pour toute cr\u00e9ation dans le cadre des comp\u00e9tences du graphisme. Le terme &#8220;tiers&#8221; d\u00e9signe toute personne physique ou morale non mentionn\u00e9e dans le contrat. Le terme &#8220;prestataire&#8221; d\u00e9signe Aur\u00e9lien REDON<\/p>\n<p>2 &#8211; G\u00c9N\u00c9RALIT\u00c9S<br>Les pr\u00e9sentes conditions g\u00e9n\u00e9rales de vente ont pour objet de d\u00e9finir les droits et obligations<br>des parties lors de la vente de produits r\u00e9alis\u00e9e par le prestataire pour ses clients dans le cadre de son activit\u00e9 commerciale de cr\u00e9ation et de<br>conception graphique. Le prestataire se r\u00e9serve le droit de modifier ses conditions g\u00e9n\u00e9rales de vente, ses formules et ses tarifs \u00e0 tout moment et sans pr\u00e9avis. Ces modifications n&#8217;auront aucune incidence sur les commandes en cours. Si le client est un particulier, il reconna\u00eet \u00eatre majeur conform\u00e9ment aux lois du pays o\u00f9 il r\u00e9side. Le client faisant appel aux services de Aur\u00e9lien REDON reconna\u00eet avoir pris connaissance et accept\u00e9 sans r\u00e9serve les conditions g\u00e9n\u00e9rales de vente suivantes, ainsi que les mises en garde \u00e9nonc\u00e9es dans l&#8217;extrait de la loi n\u00b0 57-298 du 11 mars 1957 sur la propri\u00e9t\u00e9 artistique (J.O. du 14 mars 1957) des droits des auteurs concernant les lois de la propri\u00e9t\u00e9 intellectuelle. Pour se faire le client apposera lors de la commande sa signature pr\u00e9c\u00e9d\u00e9e de la mention manuscrite &#8220;lu et approuv\u00e9&#8221;<br>au bas du pr\u00e9sent document.<\/p>\n<p>3 &#8211; RESPONSABILIT\u00c9 DU CLIENT<br>Le client s&#8217;engage \u00e0 fournir des informations justes et sinc\u00e8res et s&#8217;engage \u00e0 pr\u00e9venir le<br>prestataire de tout changement concernant les donn\u00e9es fournies et sera seul responsable<br>des \u00e9ventuels dysfonctionnements qui pourraient r\u00e9sulter d&#8217;informations erron\u00e9es. Le client doit maintenir une adresse e-mail et une adresse<br>postale valides.<\/p><p><br>4 &#8211; ENGAGEMENTS DES PARTIES<br>D\u2019une fa\u00e7on g\u00e9n\u00e9rale, le client et le prestataire s\u2019engagent \u00e0 collaborer activement afin d\u2019assurer la bonne ex\u00e9cution du contrat. Chacun s\u2019engage \u00e0 communiquer toutes les difficult\u00e9s dont il aurait connaissance au fur et \u00e0 mesure de l\u2019avancement du projet, pour permettre \u00e0 l\u2019autre partie de prendre les mesures n\u00e9cessaires.<\/p><p>a\/ Le Client<br>Pour permettre au prestataire de r\u00e9aliser sa mission, le client s\u2019engage \u00e0 :<br>\u2022 \u00c9tablir un cahier des charges d\u00e9taill\u00e9 qui ne subira plus de modifications, sauf accord des parties, apr\u00e8s avoir \u00e9t\u00e9 approuv\u00e9 par le prestataire. Dans le cas o\u00f9 des modifications impliqueraient un remaniement substantiel du cahier des charges initial, ces derni\u00e8res seront factur\u00e9es en sus du devis initial.<br>\u2022 Remettre au prestataire le bon de commande\/ devis (dat\u00e9, sign\u00e9 et tamponn\u00e9).<br>\u2022 Fournir tous les \u00e9l\u00e9ments documentaires, graphiques et textuels n\u00e9cessaires \u00e0 la bonne r\u00e9alisation du contrat (notamment dans les bons formats exploitables en fonction des supports vis\u00e9s), le client s\u2019engage \u00e0 fournir toutes les informations l\u00e9gales \u00e0 ajouter dans les documents et endosse la responsabilit\u00e9 de fournir le contenu des documents qu\u2019il dispose.<br>\u2022 Disposer des droits n\u00e9cessaires sur les \u00e9l\u00e9ments fournis ci-dessus. Seule la responsabilit\u00e9 du commanditaire pourra \u00eatre engag\u00e9e \u00e0 ce titre.<br>\u2022 Collaborer activement \u00e0 la r\u00e9ussite du projet en apportant au prestataire dans les d\u00e9lais utiles toutes les informations et documents n\u00e9cessaires \u00e0 la bonne appr\u00e9hension des besoins et \u00e0 la bonne ex\u00e9cution des prestations.<br>\u2022 Se conformer strictement aux pr\u00e9conisations techniques et cr\u00e9atives faites par le prestataire.<br>\u2022 Garantir le prestataire contre toute action qui pourrait lui \u00eatre intent\u00e9e du fait du caract\u00e8re des donn\u00e9es ou informations (textes, images, sons) qui auraient \u00e9t\u00e9 fournies ou choisies par le client.<br>\u2022 R\u00e9gler dans les d\u00e9lais pr\u00e9cis les sommes dues au prestataire.<br>\u2022 Informer le prestataire d\u2019une \u00e9ventuelle mise en concurrence avec d\u2019autres prestataires.<br>b\/ Le Prestataire<br>\u2022 Au besoin le prestataire pourra intervenir dans l\u2019\u00e9laboration du cahier des charges, conjointement avec le client.<br>\u2022 Le prestataire garanti que les cr\u00e9ations sont juridiquement disponibles et ne sont pas grev\u00e9es de droit des tiers, salari\u00e9s ou non du prestataire, pour les utilisations pr\u00e9vues au titre du contrat.<br>\u2022 Le prestataire s\u2019engage \u00e0 informer de mani\u00e8re r\u00e9guli\u00e8re et efficace le client de l\u2019avanc\u00e9e de la r\u00e9alisation du projet et ce, notamment, au travers de validations soumises au client.<br>\u2022 Au titre de la confidentialit\u00e9 et pendant toute la dur\u00e9e des pr\u00e9sentes et m\u00eame apr\u00e8s leur cessation pour quelque cause que ce soit, le prestataire s\u2019engage \u00e0 conserver strictement confidentiel l\u2019ensemble des informations et documents de quelque nature que ce soit relatifs au client, auxquels il aurait pu avoir acc\u00e8s dans le cadre notamment de l\u2019ex\u00e9cution de la pr\u00e9sente mission.<br>Page 2 sur 3 Devis Provisoire<\/p><p><br>5 &#8211; BON DE COMMANDE ET D\u00c9BUT DES TRAVAUX<br>Le devis et les CGV (conditions g\u00e9n\u00e9rales de vente) sign\u00e9s par le client valent exclusivement ensemble pour acceptation de ces derniers et font<br>office de bon de commande. Celui-ci doit s\u2019accompagner du paiement de 30% du prix global des prestations \u00e0 fournir. Les travaux d\u00e9buteront<br>lorsque tous les documents (devis et CGV sign\u00e9s, 30% du montant global pay\u00e9) et \u00e9l\u00e9ments documentaires graphiques et textuels n\u00e9cessaires \u00e0 la bonne r\u00e9alisation du contrat, seront \u00e0 la disposition du prestataire.<\/p><p><br>6 &#8211; FACTURE ET R\u00c8GLEMENT<br>Un acompte de 50% sera demand\u00e9 \u00e0 la signature du devis. Sauf d\u00e9lai de paiement suppl\u00e9mentaire clairement accord\u00e9, le r\u00e8glement du reste de la facture est d\u00fb \u00e0 la date de livraison ou au maximum 30 jours apr\u00e8s l\u2019\u00e9mission de celle-ci. Le paiement s\u2019effectue par virement bancaire. En cas de retard, des p\u00e9nalit\u00e9s seront exigibles sans qu\u2019un rappel soit n\u00e9cessaire conform\u00e9ment \u00e0 l\u2019article L 441-6 du Code de Commerce. Ces p\u00e9nalit\u00e9s s\u2019\u00e9l\u00e8vent \u00e0 20% du montant total de la facture par jour de retard. En cas de retard de paiement, le client prendra en charge l\u2019indemnit\u00e9 forfaitaire d\u2019un montant de 40\u20ac pour frais de recouvrement conform\u00e9ment aux articles L 441-9, I, alin\u00e9a 5 et D 441-5 du Code de Commerce.<\/p><p><br>7 &#8211; PROPRI\u00c9T\u00c9S DES TRAVAUX R\u00c9ALIS\u00c9S La totalit\u00e9 de la production et des droits s\u2019y rapportant, objet de la commande, demeure la propri\u00e9t\u00e9<br>enti\u00e8re et exclusive du prestataire tant que les factures \u00e9mises ne sont pas pay\u00e9es en totalit\u00e9 par le client, \u00e0 concurrence du montant global de la commande et des avenants \u00e9ventuels conclus en cours de prestation. De fa\u00e7on corollaire, le client deviendra propri\u00e9taire de fait de la production et des droits c\u00e9d\u00e9s \u00e0 compter du r\u00e8glement final et soldant de toutes les factures \u00e9mises par le prestataire dans le cadre de la commande. Sauf mention contraire figurant sur le devis, les fichiers de production et les sources restent la propri\u00e9t\u00e9 du prestataire. Seul le produit fini sera adress\u00e9 au client.&nbsp;<span style=\"font-style: inherit; font-weight: inherit; color: var( --e-global-color-text ); font-family: var( --e-global-typography-text-font-family ), Sans-serif; text-align: var(--text-align); background-color: var(--ast-global-color-5);\">A d\u00e9faut d\u2019une telle mention et si le client d\u00e9sire avoir les sources des documents, un avenant \u00e0 ce pr\u00e9sent document devra \u00eatre demand\u00e9.<\/span><\/p><p>8 &#8211; PRINCIPES DE CESSION<br>La reproduction et la r\u00e9\u00e9dition des cr\u00e9ations du prestataire sont soumises \u00e0 la perception<br>de droits d\u2019auteur selon la loi du 11 mars 1957. La cession de ces droits ne concerne que l\u2019utilisation sp\u00e9cifiquement pr\u00e9vue. Toute utilisation<br>ult\u00e9rieure ou diff\u00e9rente n\u00e9cessite une nouvelle convention. Les modifications ou interpr\u00e9tations d\u2019une cr\u00e9ation graphique ne peuvent \u00eatre faites, en aucun cas, sans le consentement du prestataire. La signature ne peut \u00eatre supprim\u00e9e sans l\u2019accord du prestataire. Une id\u00e9e propos\u00e9e par le client ne constitue pas, en soi, une cr\u00e9ation<\/p><p><br>9 &#8211; COPYRIGHT ET MENTION COMMERCIALE<br>Sauf mention contraire explicite du client, le prestataire se r\u00e9serve la possibilit\u00e9 d\u2019inclure dans la r\u00e9alisation une mention commerciale indiquant clairement sa contribution, telle la formule &#8220;Design par Aur\u00e9lien REDON&#8221;<\/p><p><br>10 &#8211; DROIT DE PUBLICIT\u00c9<br>Le prestataire se r\u00e9serve le droit de mentionner les r\u00e9alisations effectu\u00e9es pour le client sur ses documents de communication externe et de<br>publicit\u00e9 (site internet, portfolio, etc.) et lors de d\u00e9marchages de prospection commerciale.<\/p>\t\t\t\t\t\t<\/div>\n\t\t\t\t<\/div>\n\t\t\t\t\t<\/div>\n\t\t\t\t<\/div>\n\t\t\t\t<\/div>\n\t\t","protected":false},"excerpt":{"rendered":"<p>CGV Conditions g\u00e9n\u00e9rales de vente1 &#8211; PARTIES DU CONTRATLe terme &#8220;client&#8221; d\u00e9signe toute personne morale ou physique, ayant requis les [&hellip;]<\/p>\n","protected":false},"author":1,"featured_media":0,"parent":0,"menu_order":0,"comment_status":"closed","ping_status":"closed","template":"","meta":{"site-sidebar-layout":"no-sidebar","site-content-layout":"","ast-site-content-layout":"full-width-container","site-content-style":"default","site-sidebar-style":"default","ast-global-header-display":"","ast-banner-title-visibility":"","ast-main-header-display":"","ast-hfb-above-header-display":"","ast-hfb-below-header-display":"","ast-hfb-mobile-header-display":"","site-post-title":"disabled","ast-breadcrumbs-content":"","ast-featured-img":"disabled","footer-sml-layout":"","theme-transparent-header-meta":"","adv-header-id-meta":"","stick-header-meta":"","header-above-stick-meta":"","header-main-stick-meta":"","header-below-stick-meta":"","astra-migrate-meta-layouts":"default","ast-page-background-enabled":"default","ast-page-background-meta":{"desktop":{"background-color":"var(--ast-global-color-4)","background-image":"","background-repeat":"repeat","background-position":"center center","background-size":"auto","background-attachment":"scroll","background-type":"","background-media":"","overlay-type":"","overlay-color":"","overlay-gradient":""},"tablet":{"background-color":"","background-image":"","background-repeat":"repeat","background-position":"center center","background-size":"auto","background-attachment":"scroll","background-type":"","background-media":"","overlay-type":"","overlay-color":"","overlay-gradient":""},"mobile":{"background-color":"","background-image":"","background-repeat":"repeat","background-position":"center center","background-size":"auto","background-attachment":"scroll","background-type":"","background-media":"","overlay-type":"","overlay-color":"","overlay-gradient":""}},"ast-content-background-meta":{"desktop":{"background-color":"var(--ast-global-color-5)","background-image":"","background-repeat":"repeat","background-position":"center center","background-size":"auto","background-attachment":"scroll","background-type":"","background-media":"","overlay-type":"","overlay-color":"","overlay-gradient":""},"tablet":{"background-color":"var(--ast-global-color-5)","background-image":"","background-repeat":"repeat","background-position":"center center","background-size":"auto","background-attachment":"scroll","background-type":"","background-media":"","overlay-type":"","overlay-color":"","overlay-gradient":""},"mobile":{"background-color":"var(--ast-global-color-5)","background-image":"","background-repeat":"repeat","background-position":"center center","background-size":"auto","background-attachment":"scroll","background-type":"","background-media":"","overlay-type":"","overlay-color":"","overlay-gradient":""}},"footnotes":""},"class_list":["post-547","page","type-page","status-publish","hentry"],"_links":{"self":[{"href":"https:\/\/leveilmarketing.fr\/index.php\/wp-json\/wp\/v2\/pages\/547","targetHints":{"allow":["GET"]}}],"collection":[{"href":"https:\/\/leveilmarketing.fr\/index.php\/wp-json\/wp\/v2\/pages"}],"about":[{"href":"https:\/\/leveilmarketing.fr\/index.php\/wp-json\/wp\/v2\/types\/page"}],"author":[{"embeddable":true,"href":"https:\/\/leveilmarketing.fr\/index.php\/wp-json\/wp\/v2\/users\/1"}],"replies":[{"embeddable":true,"href":"https:\/\/leveilmarketing.fr\/index.php\/wp-json\/wp\/v2\/comments?post=547"}],"version-history":[{"count":4,"href":"https:\/\/leveilmarketing.fr\/index.php\/wp-json\/wp\/v2\/pages\/547\/revisions"}],"predecessor-version":[{"id":551,"href":"https:\/\/leveilmarketing.fr\/index.php\/wp-json\/wp\/v2\/pages\/547\/revisions\/551"}],"wp:attachment":[{"href":"https:\/\/leveilmarketing.fr\/index.php\/wp-json\/wp\/v2\/media?parent=547"}],"curies":[{"name":"wp","href":"https:\/\/api.w.org\/{rel}","templated":true}]}}